{"id":2484,"date":"2019-11-20T16:05:20","date_gmt":"2019-11-20T15:05:20","guid":{"rendered":"https:\/\/einatime.com\/politica-de-cookies\/"},"modified":"2023-01-22T18:54:52","modified_gmt":"2023-01-22T17:54:52","slug":"politica-de-cookies","status":"publish","type":"page","link":"https:\/\/einatime.com\/ca\/politica-de-cookies\/","title":{"rendered":"Pol\u00edtica de cookies"},"content":{"rendered":"\t\t<div data-elementor-type=\"wp-page\" data-elementor-id=\"2484\" class=\"elementor elementor-2484 elementor-628\" data-elementor-post-type=\"page\">\n\t\t\t\t\t\t<section class=\"elementor-section elementor-top-section elementor-element elementor-element-54f872fa elementor-section-boxed elementor-section-height-default elementor-section-height-default\" data-id=\"54f872fa\" data-element_type=\"section\">\n\t\t\t\t\t\t<div class=\"elementor-container elementor-column-gap-default\">\n\t\t\t\t\t<div class=\"elementor-column elementor-col-100 elementor-top-column elementor-element elementor-element-12c242e2\" data-id=\"12c242e2\" data-element_type=\"column\">\n\t\t\t<div class=\"elementor-widget-wrap elementor-element-populated\">\n\t\t\t\t\t\t<div class=\"elementor-element elementor-element-6d1b139c elementor-widget elementor-widget-text-editor\" data-id=\"6d1b139c\" data-element_type=\"widget\" data-widget_type=\"text-editor.default\">\n\t\t\t\t<div class=\"elementor-widget-container\">\n\t\t\t\t\t\t\t<div data-id=\"0f315fd\" data-element_type=\"widget\" data-widget_type=\"heading.default\"><div><h2>\u00a0<\/h2><h2>Pol\u00edtica de cookies<\/h2><\/div><\/div><h6>Qu\u00e8 \u00e9s una cookie?<\/h6><p>Una galeta \u00e9s un petit fitxer de text que s&#8217;emmagatzema al vostre navegador quan visita gaireb\u00e9 qualsevol p\u00e0gina web. La seva utilitat \u00e9s que la web sigui capa\u00e7 de recordar la vostra visita quan torneu a navegar per aquesta p\u00e0gina. Les cookies solen emmagatzemar informaci\u00f3 de car\u00e0cter t\u00e8cnic, prefer\u00e8ncies personals, personalitzaci\u00f3 de continguts, estad\u00edstiques d\u00fas, enlla\u00e7os a xarxes socials, acc\u00e9s a comptes dusuari, etc. L&#8217;objectiu de la galeta \u00e9s adaptar el contingut de la web al seu perfil i necessitats, sense galetes els serveis oferts per qualsevol p\u00e0gina es veurien minvats notablement.<\/p><h6>Quins tipus de cookies hi ha?<\/h6><p>En funci\u00f3 de la seva finalitat, les cookies poden ser:<\/p><ul><li><strong>Cookies t\u00e8cniques:<\/strong> s\u00f3n necess\u00e0ries per a la navegaci\u00f3. Sense elles la p\u00e0gina no funcionaria adequadament (cookies d&#8217;entrada de l&#8217;usuari per a cistelles de compra en l\u00ednia, de sessi\u00f3 del reproductor multim\u00e8dia, etc.).<\/li><li><strong>Cookies de personalitzaci\u00f3 o configuraci\u00f3:<\/strong> permeten que la p\u00e0gina reconegui l&#8217;idioma de l&#8217;usuari, la mida de lletra, etc.<\/li><li><strong>Cookies de seguretat:<\/strong> impedeixen o dificulten atacs contra el lloc web o als seus usuaris.<\/li><li><strong>Cookies d&#8217;an\u00e0lisi:<\/strong> permeten mesurar l&#8217;activitat dels usuaris i elaborar estad\u00edstiques de navegaci\u00f3.<\/li><li><strong>Cookies publicit\u00e0ries:<\/strong> gestionen la freq\u00fc\u00e8ncia i el contingut dels anuncis.<\/li><li><strong>Cookies de publicitat comportamental:<\/strong> emmagatzemen informaci\u00f3 sobre els usuaris per mostrar publicitat personalitzada.<\/li><\/ul><div>\u00a0<\/div><div>\u00a0<\/div><div>\u00a0<\/div><h6>Quines cookies utilitzem?<\/h6><div><p>Les cookies que s&#8217;utilitzen al lloc web <a href=\"https:\/\/einatime.com\/ca\/\">https:\/\/einatime.com<\/a><br \/><br \/><\/p><table width=\"745\"><tbody><tr><td width=\"150\"><strong>TIPOLOGIA<\/strong><\/td><td width=\"200\"><strong>DENOMINACI\u00d3 <\/strong><\/td><td width=\"189\"><strong>FINALITAT<\/strong><\/td><td width=\"104\"><strong> RESPONSABLE<\/strong><\/td><td width=\"102\"><strong>CONSERVACI\u00d3<\/strong><\/td><\/tr><tr><td width=\"150\"><strong>T\u00e8cnica\/Necess\u00e0ria<\/strong><\/td><td width=\"200\">__RequestVerificationToken<\/td><td width=\"189\">Aquesta \u00e9s una cookie antifalsificaci\u00f3 establerta per aplicacions web creades amb tecnologies ASP.NET MVC. Est\u00e0 dissenyat per aturar la publicaci\u00f3 no autoritzada de contingut en un lloc web, el que es coneix com a falsificaci\u00f3 de sol\u00b7licitud entre llocs. No cont\u00e9 informaci\u00f3 sobre lusuari i es destrueix en tancar el navegador.<\/td><td width=\"104\"><a href=\"https:\/\/policies.google.com\/privacy\" target=\"_blank\" rel=\"noopener\">einatec.einatime.com<\/a><\/td><td width=\"102\">Sessi\u00f3<\/td><\/tr><tr><td width=\"150\"><strong>T\u00e8cnica\/Necess\u00e0ria<\/strong><\/td><td width=\"200\">_gat<\/td><td width=\"189\">Utilitzat per Google Analytics per controlar la taxa de peticions.<\/td><td width=\"104\"><a href=\"https:\/\/policies.google.com\/privacy\" target=\"_blank\" rel=\"noopener\">.einatime.com<\/a><\/td><td width=\"102\">2 anys<\/td><\/tr><tr><td width=\"150\"><strong>An\u00e0lisi\/Estad\u00edstiques<\/strong><\/td><td width=\"200\">_gid<\/td><td width=\"189\">Registra una identificaci\u00f3 \u00fanica que s&#8217;utilitza per generar dades<br \/>estad\u00edstiques sobre com utilitza el visitant el lloc web.<\/td><td width=\"104\"><a href=\"https:\/\/policies.google.com\/privacy\" target=\"_blank\" rel=\"noopener\">.einatime.com<\/a><\/td><td width=\"102\">1 dia<\/td><\/tr><tr><td width=\"150\"><strong>An\u00e0lisi\/Estad\u00edstiques<\/strong><\/td><td width=\"200\">_ga<\/td><td width=\"189\">Aquest nom de cookie est\u00e0 associat amb Google Universal Analytics, que \u00e9s una actualitzaci\u00f3 significativa del servei d&#8217;an\u00e0lisi de Google m\u00e9s utilitzat. Aquesta galeta s&#8217;utilitza per distingir usuaris \u00fanics assignant un n\u00famero generat aleat\u00f2riament com a identificador de client. S&#8217;inclou a cada sol\u00b7licitud de p\u00e0gina en un lloc i s&#8217;utilitza per calcular les dades de visitants, sessions i campanyes per als informes d&#8217;an\u00e0lisi de llocs.<\/td><td width=\"104\"><a href=\"https:\/\/policies.google.com\/privacy\" target=\"_blank\" rel=\"noopener\">.einatime.com<\/a><\/td><td width=\"102\">2 anys<\/td><\/tr><tr><td width=\"150\"><strong>T\u00e8cnica\/Necess\u00e0ria<\/strong><\/td><td width=\"200\">CookieConsent<\/td><td width=\"189\">Emmagatzema l&#8217;estat de consentiment de galetes de l&#8217;usuari per al domini actual.<\/td><td width=\"104\"><a href=\"https:\/\/policies.google.com\/privacy\" target=\"_blank\" rel=\"noopener\">.einatime.com<\/a><\/td><td width=\"102\">1 any<\/td><\/tr><tr><td width=\"150\"><strong>T\u00e8cnica\/Necess\u00e0ria<\/strong><\/td><td width=\"200\">cookielawinfo-checkbox-necessary<\/td><td width=\"189\">Determina si el visitant ha acceptat la casella de consentiment de cookies.<\/td><td width=\"104\"><a href=\"https:\/\/policies.google.com\/privacy\" target=\"_blank\" rel=\"noopener\">.einatime.com<\/a><\/td><td width=\"102\">1 any<\/td><\/tr><tr><td width=\"150\"><strong>T\u00e8cnica\/Necess\u00e0ria<\/strong><\/td><td width=\"200\">cookielawinfo-checkbox-non-necessary<\/td><td width=\"189\">Determina si el visitant ha acceptat la casella de consentiment de cookie.<\/td><td width=\"104\"><a href=\"https:\/\/policies.google.com\/privacy\" target=\"_blank\" rel=\"noopener\">.einatime.com<\/a><\/td><td width=\"102\">1 any<\/td><\/tr><\/tbody><\/table><h6>Com desinstal\u00b7lo les cookie?<\/h6><p>L&#8217;usuari pot decidir lliurement sobre la implantaci\u00f3 o no al seu disc dur de les nostres cookies, aix\u00ed com la seva eliminaci\u00f3, seguint el procediment establert a la secci\u00f3 d&#8217;ajuda del seu navegador. L&#8217;usuari pot tamb\u00e9 configurar el seu navegador per acceptar o rebutjar per defecte totes les cookies o per rebre un av\u00eds en pantalla de la recepci\u00f3 de cada cookie i decidir en aquell moment la seva implantaci\u00f3 o no al disc dur. A continuaci\u00f3, us facilitem els enlla\u00e7os als fabricants de dispositius i navegadors per a la gesti\u00f3 o desactivaci\u00f3 de cookies de la majoria de navegadors:<\/p><ul><li style=\"list-style-type: none;\"><ul><li><strong>Internet Explorer:<\/strong> a l&#8217;opci\u00f3 de men\u00fa: Eines&gt; Opcions d&#8217;Internet&gt; Privadesa&gt; Configuraci\u00f3. Per saber m\u00e9s visita els seg\u00fcents enlla\u00e7os:<br \/><a href=\"http:\/\/windows.microsoft.com\/es-es\/windows7\/how-to-manage-cookies-in-internet-explorer-9\" target=\"_blank\" rel=\"noopener\">http:\/\/windows.microsoft.com\/ca-ca\/windows7\/how-to-manage-cookies-in-internet-explorer-9 <\/a><br \/><a href=\"https:\/\/support.microsoft.com\/es-es\/help\/17442\/windows-internet-explorer-delete-manage-cookies\" target=\"_blank\" rel=\"noopener\">https:\/\/support.microsoft.com\/es-es\/help\/17442\/windows-internet-explorer-delete-manage-cookies<\/a><\/li><li><strong>Google Chrome:<\/strong> a Opcions&gt; Opcions avan\u00e7ades&gt; Privadesa&gt; Cookies. Per a m\u00e9s informaci\u00f3 visiteu el seg\u00fcent enlla\u00e7: <a href=\"https:\/\/support.google.com\/chrome\/answer\/95647?hl=es\" target=\"_blank\" rel=\"noopener\">https:\/\/support.google.com\/chrome\/answer\/95647?hl=ca<\/a><\/li><li><strong>Mozilla Firefox:<\/strong> a l&#8217;opci\u00f3 de men\u00fa: Eines&gt; Opcions&gt; Privadesa&gt; Cookies. Per saber m\u00e9s visita els seg\u00fcents enlla\u00e7os: <a href=\"https:\/\/support.mozilla.org\/es\/kb\/Borrar%20cookies%20y%20https:\/\/support.mozilla.org\/es\/kb\/habilitar-y-deshabilitar-cookies-sitios-web-rastrear-preferencias?redirectlocale=es&amp;redirectslug=habilitar-y-deshabilitar-cookies-que-los-sitios-we\" target=\"_blank\" rel=\"noopener\">https:\/\/support.mozilla.org\/es\/kb\/Esborrar%20cookies i https:\/\/support.mozilla.org\/es\/kb\/habilitar-y-deshabilitar-cookies-sitios- web-rastrear-preferencias?redirectlocale=ca&amp;redirectslug=habilitar-i-deshabilitar-cookies-que-los-llocs-we<\/a><\/li><li><strong>Safari (IOS 8):<\/strong> a Ajustaments&gt; Safari&gt; Bloquejar cookies. Per saber m\u00e9s visita el seg\u00fcent enlla\u00e7: <a href=\"http:\/\/support.apple.com\/kb\/HT1677?viewlocale=es_ES\" target=\"_blank\" rel=\"noopener\">http:\/\/support.apple.com\/kb\/HT1677?viewlocale=ca_CA<\/a><\/li><li><strong>Opera:<\/strong> a Ajustaments&gt; Avan\u00e7at&gt; Privadesa i seguretat&gt; Ajustaments de contingut&gt; Cookies. Per a m\u00e9s informaci\u00f3 visita el seg\u00fcent enlla\u00e7: <a href=\"https:\/\/help.opera.com\/en\/latest\/web-preferences\/#cookies\" target=\"_blank\" rel=\"noopener\">https:\/\/help.opera.com\/en\/latest\/web-preferences\/#cookies<\/a><\/li><li><strong>Android:<\/strong> a Men\u00fa&gt; Ajustaments&gt; Seguretat i Privadesa&gt; Acceptar cookies perqu\u00e8 activi o desactivi la casella. Per a m\u00e9s informaci\u00f3 visiteu el seg\u00fcent enlla\u00e7: <a href=\"http:\/\/support.google.com\/android\/?hl=es\" target=\"_blank\" rel=\"noopener\">http:\/\/support.google.com\/android\/?hl=ca<\/a><\/li><li><strong>Windows Phone:<\/strong> a Internet Explorer&gt; M\u00e9s&gt; Configuraci\u00f3&gt; activar o desactivar la casella de Permetre cookies. Per saber m\u00e9s visita el seg\u00fcent enlla\u00e7: <a href=\"http:\/\/www.windowsphone.com\/es-es\/how-to\/wp7\/web\/changing-privacy-and-other-browser-settings\" target=\"_blank\" rel=\"noopener\">http:\/\/www.windowsphone.com\/es-es\/how-to\/wp7\/web\/changing-privacy-and-other-browser-settings<\/a><\/li><\/ul><div>\u00a0<\/div><p>Ni aquesta web ni els seus representants legals poden garantir la correcta o incorrecta manipulaci\u00f3 de les cookies per part dels navegadors esmentats. Aix\u00ed mateix, ni aquesta web ni els seus representants legals es fan responsables ni del contingut ni de la veracitat de les pol\u00edtiques de privadesa que puguin tenir els tercers esmentats a la present Pol\u00edtica de cookies.<\/p><p>Si voleu tenir m\u00e9s control sobre la instal\u00b7laci\u00f3 de cookies, podeu instal\u00b7lar programes o complements al vostre navegador, coneguts com a eines de \u201cDo Not Track\u201d, que us permetran escollir aquelles cookies que voleu permetre.<\/p><p>El fet que l&#8217;usuari configuri el seu navegador per rebutjar totes les cookies o expressament les nostres cookies pot suposar que no sigui possible accedir a alguns dels serveis i que la seva experi\u00e8ncia a la nostra web pugui resultar menys satisfact\u00f2ria.<\/p><p>EINATEC es reserva el dret a modificar aquesta Pol\u00edtica de Cookies per adaptar-la a futura legislaci\u00f3 i\/o jurisprud\u00e8ncia aplicable, aix\u00ed com als futurs usos de les dades personals de l&#8217;usuari al Lloc Web. En qualsevol cas, els usuaris seran informats pr\u00e8viament dels canvis en la pol\u00edtica esmentada. Per tant, es recomana a l&#8217;usuari que procedeixi a llegir la Pol\u00edtica de Cookies cada cop que accedeixi al lloc web.<\/p><\/li><\/ul><\/div>\t\t\t\t\t\t<\/div>\n\t\t\t\t<\/div>\n\t\t\t\t\t<\/div>\n\t\t<\/div>\n\t\t\t\t\t<\/div>\n\t\t<\/section>\n\t\t\t\t<\/div>\n\t\t","protected":false},"excerpt":{"rendered":"<p>\u00a0 Pol\u00edtica de cookies Qu\u00e8 \u00e9s una cookie? Una galeta \u00e9s un petit fitxer de text que s&#8217;emmagatzema al vostre navegador quan visita gaireb\u00e9 qualsevol p\u00e0gina web. La seva utilitat \u00e9s que la web sigui capa\u00e7 de recordar la vostra visita quan torneu a navegar per aquesta p\u00e0gina. Les cookies solen emmagatzemar informaci\u00f3 de car\u00e0cter [&hellip;]<\/p>\n","protected":false},"author":1,"featured_media":0,"parent":0,"menu_order":0,"comment_status":"closed","ping_status":"closed","template":"","meta":{"footnotes":""},"class_list":["post-2484","page","type-page","status-publish","hentry"],"yoast_head":"<!-- This site is optimized with the Yoast SEO plugin v21.7 - https:\/\/yoast.com\/wordpress\/plugins\/seo\/ -->\n<title>Pol\u00edtica de cookies - Einatime - Control Horario<\/title>\n<meta name=\"robots\" content=\"index, follow, max-snippet:-1, max-image-preview:large, max-video-preview:-1\" \/>\n<link rel=\"canonical\" href=\"https:\/\/einatime.com\/ca\/politica-de-cookies\/\" \/>\n<meta property=\"og:locale\" content=\"ca_ES\" \/>\n<meta property=\"og:type\" content=\"article\" \/>\n<meta property=\"og:title\" content=\"Pol\u00edtica de cookies - Einatime - Control Horario\" \/>\n<meta property=\"og:description\" content=\"\u00a0 Pol\u00edtica de cookies Qu\u00e8 \u00e9s una cookie? Una galeta \u00e9s un petit fitxer de text que s&#8217;emmagatzema al vostre navegador quan visita gaireb\u00e9 qualsevol p\u00e0gina web. La seva utilitat \u00e9s que la web sigui capa\u00e7 de recordar la vostra visita quan torneu a navegar per aquesta p\u00e0gina. Les cookies solen emmagatzemar informaci\u00f3 de car\u00e0cter [&hellip;]\" \/>\n<meta property=\"og:url\" content=\"https:\/\/einatime.com\/ca\/politica-de-cookies\/\" \/>\n<meta property=\"og:site_name\" content=\"Einatime - Control Horario\" \/>\n<meta property=\"article:modified_time\" content=\"2023-01-22T17:54:52+00:00\" \/>\n<meta name=\"twitter:card\" content=\"summary_large_image\" \/>\n<meta name=\"twitter:label1\" content=\"Temps estimat de lectura\" \/>\n\t<meta name=\"twitter:data1\" content=\"5 minuts\" \/>\n<script type=\"application\/ld+json\" class=\"yoast-schema-graph\">{\"@context\":\"https:\/\/schema.org\",\"@graph\":[{\"@type\":\"WebPage\",\"@id\":\"https:\/\/einatime.com\/ca\/politica-de-cookies\/\",\"url\":\"https:\/\/einatime.com\/ca\/politica-de-cookies\/\",\"name\":\"Pol\u00edtica de cookies - Einatime - Control Horario\",\"isPartOf\":{\"@id\":\"https:\/\/einatime.com\/ca\/#website\"},\"datePublished\":\"2019-11-20T15:05:20+00:00\",\"dateModified\":\"2023-01-22T17:54:52+00:00\",\"breadcrumb\":{\"@id\":\"https:\/\/einatime.com\/ca\/politica-de-cookies\/#breadcrumb\"},\"inLanguage\":\"ca\",\"potentialAction\":[{\"@type\":\"ReadAction\",\"target\":[\"https:\/\/einatime.com\/ca\/politica-de-cookies\/\"]}]},{\"@type\":\"BreadcrumbList\",\"@id\":\"https:\/\/einatime.com\/ca\/politica-de-cookies\/#breadcrumb\",\"itemListElement\":[{\"@type\":\"ListItem\",\"position\":1,\"name\":\"Portada\",\"item\":\"https:\/\/einatime.com\/ca\/control-horari\/\"},{\"@type\":\"ListItem\",\"position\":2,\"name\":\"Pol\u00edtica de cookies\"}]},{\"@type\":\"WebSite\",\"@id\":\"https:\/\/einatime.com\/ca\/#website\",\"url\":\"https:\/\/einatime.com\/ca\/\",\"name\":\"Einatime - Control Horario\",\"description\":\"App de control horario\",\"potentialAction\":[{\"@type\":\"SearchAction\",\"target\":{\"@type\":\"EntryPoint\",\"urlTemplate\":\"https:\/\/einatime.com\/ca\/?s={search_term_string}\"},\"query-input\":\"required name=search_term_string\"}],\"inLanguage\":\"ca\"}]}<\/script>\n<!-- \/ Yoast SEO plugin. -->","yoast_head_json":{"title":"Pol\u00edtica de cookies - Einatime - Control Horario","robots":{"index":"index","follow":"follow","max-snippet":"max-snippet:-1","max-image-preview":"max-image-preview:large","max-video-preview":"max-video-preview:-1"},"canonical":"https:\/\/einatime.com\/ca\/politica-de-cookies\/","og_locale":"ca_ES","og_type":"article","og_title":"Pol\u00edtica de cookies - Einatime - Control Horario","og_description":"\u00a0 Pol\u00edtica de cookies Qu\u00e8 \u00e9s una cookie? Una galeta \u00e9s un petit fitxer de text que s&#8217;emmagatzema al vostre navegador quan visita gaireb\u00e9 qualsevol p\u00e0gina web. La seva utilitat \u00e9s que la web sigui capa\u00e7 de recordar la vostra visita quan torneu a navegar per aquesta p\u00e0gina. Les cookies solen emmagatzemar informaci\u00f3 de car\u00e0cter [&hellip;]","og_url":"https:\/\/einatime.com\/ca\/politica-de-cookies\/","og_site_name":"Einatime - Control Horario","article_modified_time":"2023-01-22T17:54:52+00:00","twitter_card":"summary_large_image","twitter_misc":{"Temps estimat de lectura":"5 minuts"},"schema":{"@context":"https:\/\/schema.org","@graph":[{"@type":"WebPage","@id":"https:\/\/einatime.com\/ca\/politica-de-cookies\/","url":"https:\/\/einatime.com\/ca\/politica-de-cookies\/","name":"Pol\u00edtica de cookies - Einatime - Control Horario","isPartOf":{"@id":"https:\/\/einatime.com\/ca\/#website"},"datePublished":"2019-11-20T15:05:20+00:00","dateModified":"2023-01-22T17:54:52+00:00","breadcrumb":{"@id":"https:\/\/einatime.com\/ca\/politica-de-cookies\/#breadcrumb"},"inLanguage":"ca","potentialAction":[{"@type":"ReadAction","target":["https:\/\/einatime.com\/ca\/politica-de-cookies\/"]}]},{"@type":"BreadcrumbList","@id":"https:\/\/einatime.com\/ca\/politica-de-cookies\/#breadcrumb","itemListElement":[{"@type":"ListItem","position":1,"name":"Portada","item":"https:\/\/einatime.com\/ca\/control-horari\/"},{"@type":"ListItem","position":2,"name":"Pol\u00edtica de cookies"}]},{"@type":"WebSite","@id":"https:\/\/einatime.com\/ca\/#website","url":"https:\/\/einatime.com\/ca\/","name":"Einatime - Control Horario","description":"App de control horario","potentialAction":[{"@type":"SearchAction","target":{"@type":"EntryPoint","urlTemplate":"https:\/\/einatime.com\/ca\/?s={search_term_string}"},"query-input":"required name=search_term_string"}],"inLanguage":"ca"}]}},"_links":{"self":[{"href":"https:\/\/einatime.com\/ca\/wp-json\/wp\/v2\/pages\/2484","targetHints":{"allow":["GET"]}}],"collection":[{"href":"https:\/\/einatime.com\/ca\/wp-json\/wp\/v2\/pages"}],"about":[{"href":"https:\/\/einatime.com\/ca\/wp-json\/wp\/v2\/types\/page"}],"author":[{"embeddable":true,"href":"https:\/\/einatime.com\/ca\/wp-json\/wp\/v2\/users\/1"}],"replies":[{"embeddable":true,"href":"https:\/\/einatime.com\/ca\/wp-json\/wp\/v2\/comments?post=2484"}],"version-history":[{"count":43,"href":"https:\/\/einatime.com\/ca\/wp-json\/wp\/v2\/pages\/2484\/revisions"}],"predecessor-version":[{"id":2904,"href":"https:\/\/einatime.com\/ca\/wp-json\/wp\/v2\/pages\/2484\/revisions\/2904"}],"wp:attachment":[{"href":"https:\/\/einatime.com\/ca\/wp-json\/wp\/v2\/media?parent=2484"}],"curies":[{"name":"wp","href":"https:\/\/api.w.org\/{rel}","templated":true}]}}